{"id":1150,"date":"2026-03-29T15:54:54","date_gmt":"2026-03-29T15:54:54","guid":{"rendered":"https:\/\/pujadavedrunasabadell.cat\/?page_id=1150"},"modified":"2026-04-13T06:31:55","modified_gmt":"2026-04-13T06:31:55","slug":"reglament-de-la-pujada-a-montserrat","status":"publish","type":"page","link":"https:\/\/pujadavedrunasabadell.cat\/?page_id=1150","title":{"rendered":"Reglament"},"content":{"rendered":"\n<ol class=\"wp-block-list\">\n<li>La Pujada a Montserrat (a partir d\u2019ara la Pujada) \u00e9s una caminada no competitiva. No \u00e9s especialment dura t\u00e8cnicament, per\u00f2 \u00e9s necess\u00e0ria una certa resist\u00e8ncia donada la seva dist\u00e0ncia. Cadasc\u00fa ser\u00e0 responsable del seu estat m\u00e8dic i\/o f\u00edsic.<\/li>\n\n\n\n<li>El recorregut de la Pujada t\u00e9 dues modalitats, curta i llarga:<\/li>\n<\/ol>\n\n\n\n<ul class=\"wp-block-list\">\n<li>\n<ul class=\"wp-block-list\">\n<li>Fins a Matadepera: entre 13 i 16 km depenent si es surt des de E.Carme o E.Immaculada.<\/li>\n\n\n\n<li>Fins a Montserrat: entre 41 i 44 km depenent si es surt des de E.Carme o E.Immaculada.<\/li>\n<\/ul>\n<\/li>\n<\/ul>\n\n\n\n<ol start=\"3\" class=\"wp-block-list\">\n<li>Per dur a terme la Pujada, especialment la modalitat llarga, \u00e9s recomanable portar un cal\u00e7at adequat, roba c\u00f2moda, roba d\u2019abric per a la nit, impermeable si hi ha previsi\u00f3 de pluja, frontal o llanterna amb piles de recanvi, ampolla per reomplir aigua,&#8230;<\/li>\n\n\n\n<li>\u00c9s important portar el m\u00f2bil amb la bateria carregada. Tamb\u00e9 pot ser oport\u00fa portar un carregador de m\u00f2bil port\u00e0til, si se\u2019n disposa.<\/li>\n<\/ol>\n\n\n\n<p>DURANT EL RECORREGUT<\/p>\n\n\n\n<ol start=\"5\" class=\"wp-block-list\">\n<li>No es permet llen\u00e7ar deixalles o brossa fora de les papereres o contenidors p\u00fablics, o als facilitats per l\u2019organitzaci\u00f3 en els avituallaments. En cas d\u2019infringir aquesta norma, es prohibir\u00e0 la participaci\u00f3 a la Pujada en els seg\u00fcents dos anys.<\/li>\n\n\n\n<li>Est\u00e0 prohibit escoltar m\u00fasica o altres reproduccions mitjan\u00e7ant altaveus. Es podr\u00e0 fer amb auriculars individuals.<\/li>\n\n\n\n<li>En passar per nuclis de poblaci\u00f3 o zones residencials cal mantenir el silenci per no molestar el descans dels ve\u00efns.<\/li>\n\n\n\n<li>No es permet portar animals de companyia durant la Pujada.<\/li>\n\n\n\n<li>L\u2019organitzaci\u00f3 habilitar\u00e0 cinc (5) zones d\u2019avituallament durant el recorregut i tamb\u00e9 hi haur\u00e0 la parada a Matadepera per sopar (a c\u00e0rrec del participant). Tot i aix\u00ed, \u00e9s aconsellable portar aliments energ\u00e8tics pel recorregut (galetes, xocolata, fruits secs,&#8230;). Queda prohibit el consum de begudes i subst\u00e0ncies estimulants.<\/li>\n\n\n\n<li>El membres de l\u2019organitzaci\u00f3 aniran identificats amb armilles reflectores, i els podreu trobar al davant de la marxa (cap\/guia), al darrera (cua\/escombra), aix\u00ed com a les bifurcacions (est\u00e0tues).&nbsp;<strong>No es permet caminar per davant de la persona que fa de guia ni per darrera de la persona que fa de cua.<\/strong><\/li>\n\n\n\n<li>Si algun participant perd de vista el grup que te al davant i no sap quin es el cam\u00ed, caldr\u00e0 que no es mogui fins que arribi la persona que fa de cua i el reculli. Si passa l\u2019estona i no apareix la cua de la marxa s\u2019haur\u00e0 de posar en contacte amb l\u2019organitzaci\u00f3 a trav\u00e9s del n\u00famero de tel\u00e8fon indicat per aquests casos a l\u2019e-mail informatiu que s\u2019enviar\u00e0 dies previs a la Pujada.<\/li>\n\n\n\n<li>Qualsevol abandonament s\u2019ha de notificar a l\u2019organitzaci\u00f3 i s\u2019ha de realitzar a les zones d\u2019avituallament o parades t\u00e8cniques amb vehicles (a excepci\u00f3 de casos greus). Fins a Les Pedritxes (entrada al Parc Natural de l\u2019Obac) l\u2019organitzaci\u00f3 tornar\u00e0 els participants que abandonin a Sabadell. A partir d\u2019aquest punt, anir\u00e0 amb els vehicles de l\u2019organitzaci\u00f3 fins a Montserrat.<\/li>\n\n\n\n<li>En cas d\u2019abandonament d\u2019un acompanyant d\u2019un menor d\u2019edat, tamb\u00e9 s\u2019haur\u00e0 d\u2019informar d\u2019aquest fet a la organitzaci\u00f3 per trobar la millor soluci\u00f3.<\/li>\n\n\n\n<li>El criteri dels serveis sanitaris ser\u00e0 indiscutible i decisiu vers la continu\u00eftat dels participants que necessitin atenci\u00f3 m\u00e8dica o de fisioter\u00e0pia.<\/li>\n<\/ol>\n\n\n\n<p>ALTRES NORMES \/ INFORMACIONS<\/p>\n\n\n\n<ol start=\"15\" class=\"wp-block-list\">\n<li>L\u2019organitzaci\u00f3 no es fa responsable dels accidents ni neglig\u00e8ncies, aix\u00ed com tampoc de danys a tercers, els quals tampoc queden coberts per l\u2019asseguran\u00e7a. El propi causant en ser\u00e0 el responsable.<\/li>\n\n\n\n<li>Els participants autoritzen a l\u2019organitzaci\u00f3 de la Pujada la utilitzaci\u00f3 de fotografies i v\u00eddeos registrats durant la marxa per a qualsevol \u00fas leg\u00edtim sense compensaci\u00f3 econ\u00f2mica.<\/li>\n\n\n\n<li>Les dades aportades pels participants a les inscripcions no es faran p\u00fabliques en cap moment, i nom\u00e9s s\u2019utilitzaran internament per l\u2019organitzaci\u00f3 per a proporcionar els serveis necessaris, aix\u00ed com per enviar informaci\u00f3 a l\u2019inscrit relacionada amb la Pujada<\/li>\n\n\n\n<li>Les dades aportades a les inscripcions s\u00f3n responsabilitat del participant a la Pujada. L\u2019organitzaci\u00f3 queda eximida de responsabilitat en cas de dades falses, i tindr\u00e0 la potestat d\u2019expulsar si ho creu convenient al participant.<\/li>\n<\/ol>\n\n\n\n<p><strong>La inscripci\u00f3 a la Pujada implica la acceptaci\u00f3 de les normes anteriors. Qualsevol infracci\u00f3 facultar\u00e0 als organitzadors per expulsar immediatament a l\u2019infractor.<\/strong><\/p>\n\n\n\n<p>QUI HI POT PARTICIPAR<\/p>\n\n\n\n<ul class=\"wp-block-list\">\n<li>Recorregut fins a Matadepera: Adults i alumnes\/menors a partir de 3er de Prim\u00e0ria (*).<\/li>\n\n\n\n<li>Recorregut fins a Montserrat: Adults i alumnes\/menors a partir de 1er de Secund\u00e0ria (*).<\/li>\n<\/ul>\n\n\n\n<p>(*) Tots els menors d\u2019edat hauran d\u2019anar acompanyats d\u2019un adult, el qual tamb\u00e9 haur\u00e0 d\u2019estar inscrit a la Pujada.<\/p>\n\n\n\n<p>PREUS<\/p>\n\n\n\n<p>Recorregut fins a Matadepera:<\/p>\n\n\n\n<ul class=\"wp-block-list\">\n<li>Adults &#8211; 8,00 \u20ac<\/li>\n\n\n\n<li>ESO fins 17 anys &#8211; 5,00 \u20ac<\/li>\n\n\n\n<li>3er a 6\u00e8 de Prim\u00e0ria &#8211; 3,00 \u20ac<\/li>\n<\/ul>\n\n\n\n<p>&nbsp;Recorregut fins a Montserrat: &nbsp;&nbsp;&nbsp;<\/p>\n\n\n\n<ul class=\"wp-block-list\">\n<li>ESO fins 17 anys &#8211; 5,00 \u20ac<\/li>\n\n\n\n<li>Adults &#8211; 12,00 \u20ac&nbsp; &nbsp; &nbsp; &nbsp; &nbsp; &nbsp; &nbsp; &nbsp;&nbsp;<\/li>\n<\/ul>\n\n\n\n<p>Els preus inclouen:&nbsp; &nbsp; &nbsp; &nbsp; &nbsp;<\/p>\n\n\n\n<ul class=\"wp-block-list\">\n<li>Asseguran\u00e7a<\/li>\n\n\n\n<li>Tornada en autocar (sempre que s\u2019indiqui al moment de fer la inscripci\u00f3)<\/li>\n\n\n\n<li>Aliments s\u00f2lid a tots els punts de control (menys Matadepera)<\/li>\n\n\n\n<li>Productes d\u2019entitats col.laboradores.<\/li>\n<\/ul>\n\n\n\n<p><\/p>\n\n\n\n<p><\/p>\n","protected":false},"excerpt":{"rendered":"<p>DURANT EL RECORREGUT ALTRES NORMES \/ INFORMACIONS La inscripci\u00f3 a la Pujada implica la acceptaci\u00f3 de les normes anteriors. Qualsevol infracci\u00f3 facultar\u00e0 als organitzadors per expulsar immediatament a l\u2019infractor. QUI HI POT PARTICIPAR (*) Tots els menors d\u2019edat hauran d\u2019anar acompanyats d\u2019un adult, el qual tamb\u00e9 haur\u00e0 d\u2019estar inscrit a la Pujada. PREUS Recorregut fins a Matadepera: &nbsp;Recorregut fins a Montserrat: &nbsp;&nbsp;&nbsp; Els preus inclouen:&nbsp; &nbsp; &nbsp; &nbsp; &nbsp;<\/p>\n","protected":false},"author":3,"featured_media":0,"parent":0,"menu_order":0,"comment_status":"closed","ping_status":"closed","template":"","meta":{"site-sidebar-layout":"default","site-content-layout":"","ast-site-content-layout":"default","site-content-style":"default","site-sidebar-style":"default","ast-global-header-display":"","ast-banner-title-visibility":"","ast-main-header-display":"","ast-hfb-above-header-display":"","ast-hfb-below-header-display":"","ast-hfb-mobile-header-display":"","site-post-title":"","ast-breadcrumbs-content":"","ast-featured-img":"","footer-sml-layout":"","ast-disable-related-posts":"","theme-transparent-header-meta":"","adv-header-id-meta":"","stick-header-meta":"","header-above-stick-meta":"","header-main-stick-meta":"","header-below-stick-meta":"","astra-migrate-meta-layouts":"default","ast-page-background-enabled":"default","ast-page-background-meta":{"desktop":{"background-color":"var(--ast-global-color-5)","background-image":"","background-repeat":"repeat","background-position":"center center","background-size":"auto","background-attachment":"scroll","background-type":"","background-media":"","overlay-type":"","overlay-color":"","overlay-opacity":"","overlay-gradient":""},"tablet":{"background-color":"","background-image":"","background-repeat":"repeat","background-position":"center center","background-size":"auto","background-attachment":"scroll","background-type":"","background-media":"","overlay-type":"","overlay-color":"","overlay-opacity":"","overlay-gradient":""},"mobile":{"background-color":"","background-image":"","background-repeat":"repeat","background-position":"center center","background-size":"auto","background-attachment":"scroll","background-type":"","background-media":"","overlay-type":"","overlay-color":"","overlay-opacity":"","overlay-gradient":""}},"ast-content-background-meta":{"desktop":{"background-color":"var(--ast-global-color-4)","background-image":"","background-repeat":"repeat","background-position":"center center","background-size":"auto","background-attachment":"scroll","background-type":"","background-media":"","overlay-type":"","overlay-color":"","overlay-opacity":"","overlay-gradient":""},"tablet":{"background-color":"var(--ast-global-color-4)","background-image":"","background-repeat":"repeat","background-position":"center center","background-size":"auto","background-attachment":"scroll","background-type":"","background-media":"","overlay-type":"","overlay-color":"","overlay-opacity":"","overlay-gradient":""},"mobile":{"background-color":"var(--ast-global-color-4)","background-image":"","background-repeat":"repeat","background-position":"center center","background-size":"auto","background-attachment":"scroll","background-type":"","background-media":"","overlay-type":"","overlay-color":"","overlay-opacity":"","overlay-gradient":""}},"footnotes":""},"class_list":["post-1150","page","type-page","status-publish","hentry"],"yoast_head":"<!-- This site is optimized with the Yoast SEO plugin v27.3 - https:\/\/yoast.com\/product\/yoast-seo-wordpress\/ -->\n<title>Reglament oficial - 17a Pujada a Montserrat | Vedruna Sabadell<\/title>\n<meta name=\"description\" content=\"Consulta el reglament oficial de la Pujada a Montserrat. Tota la normativa, requisits, horaris i informaci\u00f3 important per als participants de la caminada popular organitzada per les escoles Vedruna Sabadell.\" \/>\n<meta name=\"robots\" content=\"index, follow, max-snippet:-1, max-image-preview:large, max-video-preview:-1\" \/>\n<link rel=\"canonical\" href=\"https:\/\/pujadavedrunasabadell.cat\/?page_id=1150\" \/>\n<meta property=\"og:locale\" content=\"ca_ES\" \/>\n<meta property=\"og:type\" content=\"article\" \/>\n<meta property=\"og:title\" content=\"Reglament oficial de la Pujada a Montserrat - Informaci\u00f3 per als participants\" \/>\n<meta property=\"og:description\" content=\"Consulta el reglament oficial de la Pujada a Montserrat: normativa, requisits, horaris i indicacions per participar amb seguretat en la caminada popular de les escoles Vedruna Sabadell.\" \/>\n<meta property=\"og:url\" content=\"https:\/\/pujadavedrunasabadell.cat\/?page_id=1150\" \/>\n<meta property=\"article:modified_time\" content=\"2026-04-13T06:31:55+00:00\" \/>\n<meta property=\"og:image\" content=\"https:\/\/pujadavedrunasabadell.cat\/wp-content\/uploads\/2025\/03\/Pujada-Vedruna-Sabadell.jpg\" \/>\n\t<meta property=\"og:image:width\" content=\"1920\" \/>\n\t<meta property=\"og:image:height\" content=\"1275\" \/>\n\t<meta property=\"og:image:type\" content=\"image\/jpeg\" \/>\n<meta name=\"twitter:card\" content=\"summary_large_image\" \/>\n<meta name=\"twitter:label1\" content=\"Temps estimat de lectura\" \/>\n\t<meta name=\"twitter:data1\" content=\"5 minuts\" \/>\n<script type=\"application\/ld+json\" class=\"yoast-schema-graph\">{\"@context\":\"https:\\\/\\\/schema.org\",\"@graph\":[{\"@type\":\"WebPage\",\"@id\":\"https:\\\/\\\/pujadavedrunasabadell.cat\\\/?page_id=1150\",\"url\":\"https:\\\/\\\/pujadavedrunasabadell.cat\\\/?page_id=1150\",\"name\":\"Reglament oficial - 17a Pujada a Montserrat | Vedruna Sabadell\",\"isPartOf\":{\"@id\":\"https:\\\/\\\/pujadavedrunasabadell.cat\\\/#website\"},\"datePublished\":\"2026-03-29T15:54:54+00:00\",\"dateModified\":\"2026-04-13T06:31:55+00:00\",\"description\":\"Consulta el reglament oficial de la Pujada a Montserrat. Tota la normativa, requisits, horaris i informaci\u00f3 important per als participants de la caminada popular organitzada per les escoles Vedruna Sabadell.\",\"breadcrumb\":{\"@id\":\"https:\\\/\\\/pujadavedrunasabadell.cat\\\/?page_id=1150#breadcrumb\"},\"inLanguage\":\"ca\",\"potentialAction\":[{\"@type\":\"ReadAction\",\"target\":[\"https:\\\/\\\/pujadavedrunasabadell.cat\\\/?page_id=1150\"]}]},{\"@type\":\"BreadcrumbList\",\"@id\":\"https:\\\/\\\/pujadavedrunasabadell.cat\\\/?page_id=1150#breadcrumb\",\"itemListElement\":[{\"@type\":\"ListItem\",\"position\":1,\"name\":\"Inici\",\"item\":\"https:\\\/\\\/pujadavedrunasabadell.cat\\\/\"},{\"@type\":\"ListItem\",\"position\":2,\"name\":\"Reglament\"}]},{\"@type\":\"WebSite\",\"@id\":\"https:\\\/\\\/pujadavedrunasabadell.cat\\\/#website\",\"url\":\"https:\\\/\\\/pujadavedrunasabadell.cat\\\/\",\"name\":\"\",\"description\":\"\",\"potentialAction\":[{\"@type\":\"SearchAction\",\"target\":{\"@type\":\"EntryPoint\",\"urlTemplate\":\"https:\\\/\\\/pujadavedrunasabadell.cat\\\/?s={search_term_string}\"},\"query-input\":{\"@type\":\"PropertyValueSpecification\",\"valueRequired\":true,\"valueName\":\"search_term_string\"}}],\"inLanguage\":\"ca\"}]}<\/script>\n<!-- \/ Yoast SEO plugin. -->","yoast_head_json":{"title":"Reglament oficial - 17a Pujada a Montserrat | Vedruna Sabadell","description":"Consulta el reglament oficial de la Pujada a Montserrat. Tota la normativa, requisits, horaris i informaci\u00f3 important per als participants de la caminada popular organitzada per les escoles Vedruna Sabadell.","robots":{"index":"index","follow":"follow","max-snippet":"max-snippet:-1","max-image-preview":"max-image-preview:large","max-video-preview":"max-video-preview:-1"},"canonical":"https:\/\/pujadavedrunasabadell.cat\/?page_id=1150","og_locale":"ca_ES","og_type":"article","og_title":"Reglament oficial de la Pujada a Montserrat - Informaci\u00f3 per als participants","og_description":"Consulta el reglament oficial de la Pujada a Montserrat: normativa, requisits, horaris i indicacions per participar amb seguretat en la caminada popular de les escoles Vedruna Sabadell.","og_url":"https:\/\/pujadavedrunasabadell.cat\/?page_id=1150","article_modified_time":"2026-04-13T06:31:55+00:00","og_image":[{"width":1920,"height":1275,"url":"https:\/\/pujadavedrunasabadell.cat\/wp-content\/uploads\/2025\/03\/Pujada-Vedruna-Sabadell.jpg","type":"image\/jpeg"}],"twitter_card":"summary_large_image","twitter_misc":{"Temps estimat de lectura":"5 minuts"},"schema":{"@context":"https:\/\/schema.org","@graph":[{"@type":"WebPage","@id":"https:\/\/pujadavedrunasabadell.cat\/?page_id=1150","url":"https:\/\/pujadavedrunasabadell.cat\/?page_id=1150","name":"Reglament oficial - 17a Pujada a Montserrat | Vedruna Sabadell","isPartOf":{"@id":"https:\/\/pujadavedrunasabadell.cat\/#website"},"datePublished":"2026-03-29T15:54:54+00:00","dateModified":"2026-04-13T06:31:55+00:00","description":"Consulta el reglament oficial de la Pujada a Montserrat. Tota la normativa, requisits, horaris i informaci\u00f3 important per als participants de la caminada popular organitzada per les escoles Vedruna Sabadell.","breadcrumb":{"@id":"https:\/\/pujadavedrunasabadell.cat\/?page_id=1150#breadcrumb"},"inLanguage":"ca","potentialAction":[{"@type":"ReadAction","target":["https:\/\/pujadavedrunasabadell.cat\/?page_id=1150"]}]},{"@type":"BreadcrumbList","@id":"https:\/\/pujadavedrunasabadell.cat\/?page_id=1150#breadcrumb","itemListElement":[{"@type":"ListItem","position":1,"name":"Inici","item":"https:\/\/pujadavedrunasabadell.cat\/"},{"@type":"ListItem","position":2,"name":"Reglament"}]},{"@type":"WebSite","@id":"https:\/\/pujadavedrunasabadell.cat\/#website","url":"https:\/\/pujadavedrunasabadell.cat\/","name":"","description":"","potentialAction":[{"@type":"SearchAction","target":{"@type":"EntryPoint","urlTemplate":"https:\/\/pujadavedrunasabadell.cat\/?s={search_term_string}"},"query-input":{"@type":"PropertyValueSpecification","valueRequired":true,"valueName":"search_term_string"}}],"inLanguage":"ca"}]}},"_links":{"self":[{"href":"https:\/\/pujadavedrunasabadell.cat\/index.php?rest_route=\/wp\/v2\/pages\/1150","targetHints":{"allow":["GET"]}}],"collection":[{"href":"https:\/\/pujadavedrunasabadell.cat\/index.php?rest_route=\/wp\/v2\/pages"}],"about":[{"href":"https:\/\/pujadavedrunasabadell.cat\/index.php?rest_route=\/wp\/v2\/types\/page"}],"author":[{"embeddable":true,"href":"https:\/\/pujadavedrunasabadell.cat\/index.php?rest_route=\/wp\/v2\/users\/3"}],"replies":[{"embeddable":true,"href":"https:\/\/pujadavedrunasabadell.cat\/index.php?rest_route=%2Fwp%2Fv2%2Fcomments&post=1150"}],"version-history":[{"count":4,"href":"https:\/\/pujadavedrunasabadell.cat\/index.php?rest_route=\/wp\/v2\/pages\/1150\/revisions"}],"predecessor-version":[{"id":1497,"href":"https:\/\/pujadavedrunasabadell.cat\/index.php?rest_route=\/wp\/v2\/pages\/1150\/revisions\/1497"}],"wp:attachment":[{"href":"https:\/\/pujadavedrunasabadell.cat\/index.php?rest_route=%2Fwp%2Fv2%2Fmedia&parent=1150"}],"curies":[{"name":"wp","href":"https:\/\/api.w.org\/{rel}","templated":true}]}}